{"id":617,"date":"2021-06-19T03:33:41","date_gmt":"2021-06-19T03:33:41","guid":{"rendered":"https:\/\/lilasoi.fr\/index.php\/contact\/"},"modified":"2023-08-19T18:18:20","modified_gmt":"2023-08-19T16:18:20","slug":"contact","status":"publish","type":"page","link":"https:\/\/lilasoi.fr\/index.php\/contact\/","title":{"rendered":"Contact r\u00e9flexologie plantaire toulon"},"content":{"rendered":"\n<div class=\"wp-block-cover aligncenter is-light\" style=\"min-height:250px;aspect-ratio:unset;\"><span aria-hidden=\"true\" class=\"wp-block-cover__background has-ast-global-color-4-background-color has-background-dim-10 has-background-dim\"><\/span><img loading=\"lazy\" decoding=\"async\" width=\"2104\" height=\"1920\" class=\"wp-block-cover__image-background wp-image-1205\" alt=\"\" src=\"https:\/\/lilasoi.fr\/wp-content\/uploads\/2022\/09\/profil-cabinethyeres.jpg\" style=\"object-position:62% 34%\" data-object-fit=\"cover\" data-object-position=\"62% 34%\" srcset=\"https:\/\/lilasoi.fr\/wp-content\/uploads\/2022\/09\/profil-cabinethyeres.jpg 2104w, https:\/\/lilasoi.fr\/wp-content\/uploads\/2022\/09\/profil-cabinethyeres-300x274.jpg 300w, https:\/\/lilasoi.fr\/wp-content\/uploads\/2022\/09\/profil-cabinethyeres-1024x934.jpg 1024w, https:\/\/lilasoi.fr\/wp-content\/uploads\/2022\/09\/profil-cabinethyeres-768x701.jpg 768w, https:\/\/lilasoi.fr\/wp-content\/uploads\/2022\/09\/profil-cabinethyeres-1536x1402.jpg 1536w, https:\/\/lilasoi.fr\/wp-content\/uploads\/2022\/09\/profil-cabinethyeres-2048x1869.jpg 2048w\" sizes=\"(max-width: 2104px) 100vw, 2104px\" \/><div class=\"wp-block-cover__inner-container is-layout-flow wp-block-cover-is-layout-flow\">\n<div class=\"wp-block-columns alignwide are-vertically-aligned-center is-layout-flex wp-container-core-columns-is-layout-1 wp-block-columns-is-layout-flex\">\n<div class=\"wp-block-column is-vertically-aligned-center is-layout-flow wp-block-column-is-layout-flow\">\n<h1 class=\"has-ast-global-color-1-color has-text-color wp-block-heading\"><\/h1>\n<\/div>\n\n\n\n<div class=\"wp-block-column is-vertically-aligned-center is-layout-flow wp-block-column-is-layout-flow\">\n<p class=\"has-text-align-right has-ast-global-color-4-color has-text-color has-medium-font-size\"><\/p>\n<\/div>\n<\/div>\n<\/div><\/div>\n\n\n\n<hr class=\"wp-block-separator has-alpha-channel-opacity\"\/>\n\n\n\n<h3 class=\"has-text-align-left has-ast-global-color-1-color has-text-color wp-block-heading\">Parcours :<\/h3>\n\n\n\n<div class=\"wp-block-columns is-layout-flex wp-container-core-columns-is-layout-2 wp-block-columns-is-layout-flex\">\n<div class=\"wp-block-column is-layout-flow wp-block-column-is-layout-flow\" style=\"flex-basis:100%\">\n<p class=\"has-ast-global-color-1-color has-ast-global-color-4-background-color has-text-color has-background\">Apr\u00e8s mes \u00e9tudes en carri\u00e8res sociales et socio-culturelles, je me suis investi dans ce secteur pendant 15 ans, en accompagnant adultes, familles et enfants autour d&rsquo;activit\u00e9s cr\u00e9atives (notamment la cr\u00e9ation de spectacle). Ce fut l&rsquo;occasion de faire mes premiers pas dans la compr\u00e9hension de la respiration, d&rsquo;approfondir des sujets tel que le symbolisme, les m\u00e9canismes de d\u00e9fenses et la plasticit\u00e9 du cerveau&#8230;  Puis je me suis form\u00e9e \u00e0 la naturopathie pendant 2 ans. Les diff\u00e9rentes connaissances abord\u00e9es ( physiologie, m\u00e9decine chinoise, aromath\u00e9rapie, r\u00e9flexologie, sophrologie, botanique&#8230;) ont eu de fructueux impactes sur ma sant\u00e9 (premi\u00e8rement). Ayant obtenu mon dipl\u00f4me en 2017, je continue mes investigations autant que leurs mises en application.<\/p>\n\n\n\n<h3 class=\"has-ast-global-color-1-color has-text-color wp-block-heading\">Pour me contacter :<\/h3>\n\n\n<div class=\"wpforms-container \" id=\"wpforms-5\"><form id=\"wpforms-form-5\" class=\"wpforms-validate wpforms-form\" data-formid=\"5\" method=\"post\" enctype=\"multipart\/form-data\" action=\"\/index.php\/wp-json\/wp\/v2\/pages\/617\" data-token=\"7a84f785971aaa31927ab8e0df888dc7\"><noscript class=\"wpforms-error-noscript\">Veuillez activer JavaScript dans votre navigateur pour remplir ce formulaire.<\/noscript><div class=\"wpforms-field-container\"><div id=\"wpforms-5-field_1-container\" class=\"wpforms-field wpforms-field-name\" data-field-id=\"1\"><label class=\"wpforms-field-label\" for=\"wpforms-5-field_1\">Pr\u00e9nom Nom <span class=\"wpforms-required-label\">*<\/span><\/label><input type=\"text\" id=\"wpforms-5-field_1\" class=\"wpforms-field-large wpforms-field-required\" name=\"wpforms[fields][1]\" required><\/div><div id=\"wpforms-5-field_2-container\" class=\"wpforms-field wpforms-field-email\" data-field-id=\"2\"><label class=\"wpforms-field-label\" for=\"wpforms-5-field_2\">Email <span class=\"wpforms-required-label\">*<\/span><\/label><input type=\"email\" id=\"wpforms-5-field_2\" class=\"wpforms-field-large wpforms-field-required\" name=\"wpforms[fields][2]\" spellcheck=\"false\" required><\/div><div id=\"wpforms-5-field_3-container\" class=\"wpforms-field wpforms-field-textarea\" data-field-id=\"3\"><label class=\"wpforms-field-label\" for=\"wpforms-5-field_3\">Message <span class=\"wpforms-required-label\">*<\/span><\/label><textarea id=\"wpforms-5-field_3\" class=\"wpforms-field-medium wpforms-field-required\" name=\"wpforms[fields][3]\" required><\/textarea><\/div><\/div><!-- .wpforms-field-container --><div class=\"wpforms-submit-container\" ><input type=\"hidden\" name=\"wpforms[id]\" value=\"5\"><input type=\"hidden\" name=\"wpforms[author]\" value=\"1\"><button type=\"submit\" name=\"wpforms[submit]\" id=\"wpforms-submit-5\" class=\"wpforms-submit\" data-alt-text=\"Envoi en cours...\" data-submit-text=\"ENVOI\" aria-live=\"assertive\" value=\"wpforms-submit\">ENVOI<\/button><\/div><\/form><\/div>  <!-- .wpforms-container -->\n<\/div>\n<\/div>\n\n\n\n<div class=\"inherit-container-width wp-block-group alignfull has-ast-global-color-4-background-color has-background is-layout-constrained wp-block-group-is-layout-constrained\"><div class=\"wp-block-group__inner-container\"><\/div><\/div>\n\n\n\n<div class=\"inherit-container-width wp-block-group alignfull has-ast-global-color-5-background-color has-background is-layout-constrained wp-block-group-is-layout-constrained\"><div class=\"wp-block-group__inner-container\">\n<div class=\"wp-block-columns are-vertically-aligned-center is-layout-flex wp-container-core-columns-is-layout-3 wp-block-columns-is-layout-flex\">\n<div class=\"wp-block-column is-vertically-aligned-center is-layout-flow wp-block-column-is-layout-flow\">\n<figure class=\"wp-block-image aligncenter size-large\"><img loading=\"lazy\" decoding=\"async\" width=\"20\" height=\"20\" src=\"https:\/\/lilasoi.fr\/wp-content\/uploads\/2021\/06\/phone.png\" alt=\"\" class=\"wp-image-624\"\/><\/figure>\n\n\n\n<h4 class=\"has-text-align-center wp-block-heading\">06 66 06 39 14<\/h4>\n\n\n\n<h6 class=\"has-text-align-center wp-block-heading\">Phone<\/h6>\n<\/div>\n\n\n\n<div class=\"wp-block-column is-vertically-aligned-center is-layout-flow wp-block-column-is-layout-flow\">\n<figure class=\"wp-block-image aligncenter size-large\"><img loading=\"lazy\" decoding=\"async\" width=\"20\" height=\"20\" src=\"https:\/\/lilasoi.fr\/wp-content\/uploads\/2021\/06\/map.png\" alt=\"\" class=\"wp-image-625\"\/><\/figure>\n\n\n\n<h4 class=\"has-text-align-center wp-block-heading\">HY\u00e8RES<\/h4>\n\n\n\n<p class=\"has-text-align-center\"><a href=\"https:\/\/goo.gl\/maps\/a9jHJQqdDX9xocbi7\">8 av Eisenhower<\/a><\/p>\n\n\n\n<p class=\"has-text-align-center\">Lundi de 10h \u00e0 21h<\/p>\n\n\n\n<h4 class=\"has-text-align-center wp-block-heading\">TOULON<\/h4>\n\n\n\n<p class=\"has-text-align-center\"><a href=\"https:\/\/goo.gl\/maps\/tDvM4fd9XQkV3G9o6\">4 place Gambetta<\/a><\/p>\n\n\n\n<p class=\"has-text-align-center\">Ma, Mer, Ven, Sam de 09h \u00e0 20h<\/p>\n\n\n\n<h6 class=\"has-text-align-center wp-block-heading\">Adresse<\/h6>\n<\/div>\n\n\n\n<div class=\"wp-block-column is-vertically-aligned-center is-layout-flow wp-block-column-is-layout-flow\">\n<figure class=\"wp-block-image aligncenter size-large\"><img loading=\"lazy\" decoding=\"async\" width=\"20\" height=\"20\" src=\"https:\/\/lilasoi.fr\/wp-content\/uploads\/2021\/06\/envelope.png\" alt=\"\" class=\"wp-image-626\"\/><\/figure>\n\n\n\n<h4 class=\"has-text-align-center wp-block-heading\">contact@lilasoi.fr<\/h4>\n\n\n\n<h6 class=\"has-text-align-center wp-block-heading\">Email<\/h6>\n<\/div>\n<\/div>\n<\/div><\/div>\n","protected":false},"excerpt":{"rendered":"<p>Parcours : Apr\u00e8s mes \u00e9tudes en carri\u00e8res sociales et socio-culturelles, je me suis investi dans ce secteur pendant 15 ans, en accompagnant adultes, familles et enfants autour d&rsquo;activit\u00e9s cr\u00e9atives (notamment la cr\u00e9ation de spectacle). Ce fut l&rsquo;occasion de faire mes premiers pas dans la compr\u00e9hension de la respiration, d&rsquo;approfondir des sujets tel que le symbolisme, &hellip;<\/p>\n<p class=\"read-more\"> <a class=\"\" href=\"https:\/\/lilasoi.fr\/index.php\/contact\/\"> <span class=\"screen-reader-text\">Contact r\u00e9flexologie plantaire toulon<\/span> Lire la suite\u00a0\u00bb<\/a><\/p>\n","protected":false},"author":1,"featured_media":0,"parent":0,"menu_order":0,"comment_status":"closed","ping_status":"closed","template":"","meta":{"_monsterinsights_skip_tracking":false,"_monsterinsights_sitenote_active":false,"_monsterinsights_sitenote_note":"","_monsterinsights_sitenote_category":0,"site-sidebar-layout":"no-sidebar","site-content-layout":"plain-container","ast-global-header-display":"","ast-main-header-display":"","ast-hfb-above-header-display":"","ast-hfb-below-header-display":"","ast-hfb-mobile-header-display":"","site-post-title":"disabled","ast-breadcrumbs-content":"disabled","ast-featured-img":"disabled","footer-sml-layout":"","theme-transparent-header-meta":"enabled","adv-header-id-meta":"","stick-header-meta":"","header-above-stick-meta":"","header-main-stick-meta":"","header-below-stick-meta":"","footnotes":""},"yoast_head":"<!-- This site is optimized with the Yoast SEO plugin v24.5 - https:\/\/yoast.com\/wordpress\/plugins\/seo\/ -->\n<title>Contact r\u00e9flexologie plantaire toulon - lilasoi<\/title>\n<meta name=\"robots\" content=\"index, follow, max-snippet:-1, max-image-preview:large, max-video-preview:-1\" \/>\n<link rel=\"canonical\" href=\"https:\/\/lilasoi.fr\/index.php\/contact\/\" \/>\n<meta property=\"og:locale\" content=\"fr_FR\" \/>\n<meta property=\"og:type\" content=\"article\" \/>\n<meta property=\"og:title\" content=\"Contact r\u00e9flexologie plantaire toulon - lilasoi\" \/>\n<meta property=\"og:description\" content=\"Parcours : Apr\u00e8s mes \u00e9tudes en carri\u00e8res sociales et socio-culturelles, je me suis investi dans ce secteur pendant 15 ans, en accompagnant adultes, familles et enfants autour d&rsquo;activit\u00e9s cr\u00e9atives (notamment la cr\u00e9ation de spectacle). Ce fut l&rsquo;occasion de faire mes premiers pas dans la compr\u00e9hension de la respiration, d&rsquo;approfondir des sujets tel que le symbolisme, &hellip; Contact r\u00e9flexologie plantaire toulon Lire la suite\u00a0\u00bb\" \/>\n<meta property=\"og:url\" content=\"https:\/\/lilasoi.fr\/index.php\/contact\/\" \/>\n<meta property=\"og:site_name\" content=\"lilasoi\" \/>\n<meta property=\"article:publisher\" content=\"https:\/\/www.facebook.com\/Air-de-1989826371304111\" \/>\n<meta property=\"article:modified_time\" content=\"2023-08-19T16:18:20+00:00\" \/>\n<meta property=\"og:image\" content=\"https:\/\/lilasoi.fr\/wp-content\/uploads\/2022\/09\/profil-cabinethyeres.jpg\" \/>\n<meta name=\"twitter:card\" content=\"summary_large_image\" \/>\n<meta name=\"twitter:label1\" content=\"Dur\u00e9e de lecture estim\u00e9e\" \/>\n\t<meta name=\"twitter:data1\" content=\"2 minutes\" \/>\n<script type=\"application\/ld+json\" class=\"yoast-schema-graph\">{\"@context\":\"https:\/\/schema.org\",\"@graph\":[{\"@type\":\"WebPage\",\"@id\":\"https:\/\/lilasoi.fr\/index.php\/contact\/\",\"url\":\"https:\/\/lilasoi.fr\/index.php\/contact\/\",\"name\":\"Contact r\u00e9flexologie plantaire toulon - lilasoi\",\"isPartOf\":{\"@id\":\"https:\/\/lilasoi.fr\/#website\"},\"primaryImageOfPage\":{\"@id\":\"https:\/\/lilasoi.fr\/index.php\/contact\/#primaryimage\"},\"image\":{\"@id\":\"https:\/\/lilasoi.fr\/index.php\/contact\/#primaryimage\"},\"thumbnailUrl\":\"https:\/\/lilasoi.fr\/wp-content\/uploads\/2022\/09\/profil-cabinethyeres.jpg\",\"datePublished\":\"2021-06-19T03:33:41+00:00\",\"dateModified\":\"2023-08-19T16:18:20+00:00\",\"breadcrumb\":{\"@id\":\"https:\/\/lilasoi.fr\/index.php\/contact\/#breadcrumb\"},\"inLanguage\":\"fr-FR\",\"potentialAction\":[{\"@type\":\"ReadAction\",\"target\":[\"https:\/\/lilasoi.fr\/index.php\/contact\/\"]}]},{\"@type\":\"ImageObject\",\"inLanguage\":\"fr-FR\",\"@id\":\"https:\/\/lilasoi.fr\/index.php\/contact\/#primaryimage\",\"url\":\"https:\/\/lilasoi.fr\/wp-content\/uploads\/2022\/09\/profil-cabinethyeres.jpg\",\"contentUrl\":\"https:\/\/lilasoi.fr\/wp-content\/uploads\/2022\/09\/profil-cabinethyeres.jpg\",\"width\":2104,\"height\":1920},{\"@type\":\"BreadcrumbList\",\"@id\":\"https:\/\/lilasoi.fr\/index.php\/contact\/#breadcrumb\",\"itemListElement\":[{\"@type\":\"ListItem\",\"position\":1,\"name\":\"Accueil\",\"item\":\"https:\/\/lilasoi.fr\/\"},{\"@type\":\"ListItem\",\"position\":2,\"name\":\"Contact r\u00e9flexologie plantaire toulon\"}]},{\"@type\":\"WebSite\",\"@id\":\"https:\/\/lilasoi.fr\/#website\",\"url\":\"https:\/\/lilasoi.fr\/\",\"name\":\"lilasoi\",\"description\":\"\",\"publisher\":{\"@id\":\"https:\/\/lilasoi.fr\/#organization\"},\"potentialAction\":[{\"@type\":\"SearchAction\",\"target\":{\"@type\":\"EntryPoint\",\"urlTemplate\":\"https:\/\/lilasoi.fr\/?s={search_term_string}\"},\"query-input\":{\"@type\":\"PropertyValueSpecification\",\"valueRequired\":true,\"valueName\":\"search_term_string\"}}],\"inLanguage\":\"fr-FR\"},{\"@type\":\"Organization\",\"@id\":\"https:\/\/lilasoi.fr\/#organization\",\"name\":\"lilasoi\",\"url\":\"https:\/\/lilasoi.fr\/\",\"logo\":{\"@type\":\"ImageObject\",\"inLanguage\":\"fr-FR\",\"@id\":\"https:\/\/lilasoi.fr\/#\/schema\/logo\/image\/\",\"url\":\"https:\/\/lilasoi.fr\/wp-content\/uploads\/2023\/03\/Logo25-fusion-10x10-1.png\",\"contentUrl\":\"https:\/\/lilasoi.fr\/wp-content\/uploads\/2023\/03\/Logo25-fusion-10x10-1.png\",\"width\":787,\"height\":787,\"caption\":\"lilasoi\"},\"image\":{\"@id\":\"https:\/\/lilasoi.fr\/#\/schema\/logo\/image\/\"},\"sameAs\":[\"https:\/\/www.facebook.com\/Air-de-1989826371304111\",\"https:\/\/www.facebook.com\/search\/top?q=lilasoi\"]}]}<\/script>\n<!-- \/ Yoast SEO plugin. -->","yoast_head_json":{"title":"Contact r\u00e9flexologie plantaire toulon - lilasoi","robots":{"index":"index","follow":"follow","max-snippet":"max-snippet:-1","max-image-preview":"max-image-preview:large","max-video-preview":"max-video-preview:-1"},"canonical":"https:\/\/lilasoi.fr\/index.php\/contact\/","og_locale":"fr_FR","og_type":"article","og_title":"Contact r\u00e9flexologie plantaire toulon - lilasoi","og_description":"Parcours : Apr\u00e8s mes \u00e9tudes en carri\u00e8res sociales et socio-culturelles, je me suis investi dans ce secteur pendant 15 ans, en accompagnant adultes, familles et enfants autour d&rsquo;activit\u00e9s cr\u00e9atives (notamment la cr\u00e9ation de spectacle). Ce fut l&rsquo;occasion de faire mes premiers pas dans la compr\u00e9hension de la respiration, d&rsquo;approfondir des sujets tel que le symbolisme, &hellip; Contact r\u00e9flexologie plantaire toulon Lire la suite\u00a0\u00bb","og_url":"https:\/\/lilasoi.fr\/index.php\/contact\/","og_site_name":"lilasoi","article_publisher":"https:\/\/www.facebook.com\/Air-de-1989826371304111","article_modified_time":"2023-08-19T16:18:20+00:00","og_image":[{"url":"https:\/\/lilasoi.fr\/wp-content\/uploads\/2022\/09\/profil-cabinethyeres.jpg","type":"","width":"","height":""}],"twitter_card":"summary_large_image","twitter_misc":{"Dur\u00e9e de lecture estim\u00e9e":"2 minutes"},"schema":{"@context":"https:\/\/schema.org","@graph":[{"@type":"WebPage","@id":"https:\/\/lilasoi.fr\/index.php\/contact\/","url":"https:\/\/lilasoi.fr\/index.php\/contact\/","name":"Contact r\u00e9flexologie plantaire toulon - lilasoi","isPartOf":{"@id":"https:\/\/lilasoi.fr\/#website"},"primaryImageOfPage":{"@id":"https:\/\/lilasoi.fr\/index.php\/contact\/#primaryimage"},"image":{"@id":"https:\/\/lilasoi.fr\/index.php\/contact\/#primaryimage"},"thumbnailUrl":"https:\/\/lilasoi.fr\/wp-content\/uploads\/2022\/09\/profil-cabinethyeres.jpg","datePublished":"2021-06-19T03:33:41+00:00","dateModified":"2023-08-19T16:18:20+00:00","breadcrumb":{"@id":"https:\/\/lilasoi.fr\/index.php\/contact\/#breadcrumb"},"inLanguage":"fr-FR","potentialAction":[{"@type":"ReadAction","target":["https:\/\/lilasoi.fr\/index.php\/contact\/"]}]},{"@type":"ImageObject","inLanguage":"fr-FR","@id":"https:\/\/lilasoi.fr\/index.php\/contact\/#primaryimage","url":"https:\/\/lilasoi.fr\/wp-content\/uploads\/2022\/09\/profil-cabinethyeres.jpg","contentUrl":"https:\/\/lilasoi.fr\/wp-content\/uploads\/2022\/09\/profil-cabinethyeres.jpg","width":2104,"height":1920},{"@type":"BreadcrumbList","@id":"https:\/\/lilasoi.fr\/index.php\/contact\/#breadcrumb","itemListElement":[{"@type":"ListItem","position":1,"name":"Accueil","item":"https:\/\/lilasoi.fr\/"},{"@type":"ListItem","position":2,"name":"Contact r\u00e9flexologie plantaire toulon"}]},{"@type":"WebSite","@id":"https:\/\/lilasoi.fr\/#website","url":"https:\/\/lilasoi.fr\/","name":"lilasoi","description":"","publisher":{"@id":"https:\/\/lilasoi.fr\/#organization"},"potentialAction":[{"@type":"SearchAction","target":{"@type":"EntryPoint","urlTemplate":"https:\/\/lilasoi.fr\/?s={search_term_string}"},"query-input":{"@type":"PropertyValueSpecification","valueRequired":true,"valueName":"search_term_string"}}],"inLanguage":"fr-FR"},{"@type":"Organization","@id":"https:\/\/lilasoi.fr\/#organization","name":"lilasoi","url":"https:\/\/lilasoi.fr\/","logo":{"@type":"ImageObject","inLanguage":"fr-FR","@id":"https:\/\/lilasoi.fr\/#\/schema\/logo\/image\/","url":"https:\/\/lilasoi.fr\/wp-content\/uploads\/2023\/03\/Logo25-fusion-10x10-1.png","contentUrl":"https:\/\/lilasoi.fr\/wp-content\/uploads\/2023\/03\/Logo25-fusion-10x10-1.png","width":787,"height":787,"caption":"lilasoi"},"image":{"@id":"https:\/\/lilasoi.fr\/#\/schema\/logo\/image\/"},"sameAs":["https:\/\/www.facebook.com\/Air-de-1989826371304111","https:\/\/www.facebook.com\/search\/top?q=lilasoi"]}]}},"_links":{"self":[{"href":"https:\/\/lilasoi.fr\/index.php\/wp-json\/wp\/v2\/pages\/617"}],"collection":[{"href":"https:\/\/lilasoi.fr\/index.php\/wp-json\/wp\/v2\/pages"}],"about":[{"href":"https:\/\/lilasoi.fr\/index.php\/wp-json\/wp\/v2\/types\/page"}],"author":[{"embeddable":true,"href":"https:\/\/lilasoi.fr\/index.php\/wp-json\/wp\/v2\/users\/1"}],"replies":[{"embeddable":true,"href":"https:\/\/lilasoi.fr\/index.php\/wp-json\/wp\/v2\/comments?post=617"}],"version-history":[{"count":42,"href":"https:\/\/lilasoi.fr\/index.php\/wp-json\/wp\/v2\/pages\/617\/revisions"}],"predecessor-version":[{"id":1400,"href":"https:\/\/lilasoi.fr\/index.php\/wp-json\/wp\/v2\/pages\/617\/revisions\/1400"}],"wp:attachment":[{"href":"https:\/\/lilasoi.fr\/index.php\/wp-json\/wp\/v2\/media?parent=617"}],"curies":[{"name":"wp","href":"https:\/\/api.w.org\/{rel}","templated":true}]}}