{"id":1213,"date":"2022-09-20T18:05:42","date_gmt":"2022-09-20T16:05:42","guid":{"rendered":"https:\/\/lilasoi.fr\/?page_id=1213"},"modified":"2022-09-20T18:08:48","modified_gmt":"2022-09-20T16:08:48","slug":"mention-legale","status":"publish","type":"page","link":"https:\/\/lilasoi.fr\/index.php\/mention-legale\/","title":{"rendered":"Mention L\u00e9gale"},"content":{"rendered":"\n<h1 class=\"wp-block-heading\">Mentions l\u00e9gales<\/h1>\n\n\n\n<p>Conform\u00e9ment aux dispositions des articles 6-III et 19 de la Loi n\u00b02004-575 du 21 juin 2004 pour la Confiance dans l&rsquo;\u00c9conomie Num\u00e9rique, dite L.C.E.N., il est port\u00e9 \u00e0 la connaissance des Utilisateurs et visiteurs du site&nbsp;<a href=\"https:\/\/www.destock-informatique.com\/\">lilasoi.fr<\/a> les pr\u00e9sentes mentions l\u00e9gales.<br><br>Sont consid\u00e9r\u00e9s comme Utilisateurs tous les internautes qui naviguent, lisent, visionnent et utilisent le Site.<br>La connexion et la navigation sur le Site par l\u2019Utilisateur implique leur acceptation int\u00e9grale et sans r\u00e9serve.<\/p>\n\n\n\n<h2 class=\"wp-block-heading\">\u00c9DITEUR<\/h2>\n\n\n\n<p>Association&nbsp;: Air de,<br>Si\u00e8ge : 8 av Eisenhower 83400 Hy\u00e8res<br>Email : contact@lilasoi.fr<br>N\u00b0 de TVA intracommunautaire : sans<br>Directeur de la publication : Mme Sanson Elise<\/p>\n\n\n\n<h2 class=\"wp-block-heading\">H\u00c9BERGEUR<\/h2>\n\n\n\n<p>Soci\u00e9t\u00e9 : Hostinger International Ltd.<br>Si\u00e8ge : <strong>Larnaca, Chypre<\/strong> 61 rue Lordou Vironos, 6023<\/p>\n\n\n\n<p>T\u00e9l\u00e9phone : sans<\/p>\n\n\n\n<h2 class=\"wp-block-heading\">ACC\u00c8S AU SITE<\/h2>\n\n\n\n<p>Le Site est accessible par tout endroit aux Utilisateurs, 7j\/7 et 24h\/24, sauf cas de force majeure, interruption programm\u00e9e ou non, ou pour des besoins de maintenance.<br>En cas d&rsquo;impossibilit\u00e9 d&rsquo;acc\u00e8s au Site, celui-ci s&rsquo;engage \u00e0 faire son maximum afin d&rsquo;en r\u00e9tablir l&rsquo;acc\u00e8s. Le Site ne saurait \u00eatre tenu pour responsable de tout dommage, quelle qu&rsquo;en soit la nature, r\u00e9sultant de son indisponibilit\u00e9.<br>L&rsquo;\u00e9quipe \u00e9ditoriale se r\u00e9serve le droit de modifier le contenu du Site \u00e0 tout moment, et ceci sans pr\u00e9avis.<\/p>\n\n\n\n<p><strong>LOI APPLICABLE ET JURIDICTION<\/strong><\/p>\n\n\n\n<p>Les pr\u00e9sentes mentions l\u00e9gales sont r\u00e9gies par la loi fran\u00e7aise. En cas de diff\u00e9rend, et \u00e0 d\u00e9faut d&rsquo;accord amiable, le litige sera port\u00e9 devant les tribunaux fran\u00e7ais, conform\u00e9ment aux r\u00e8gles de comp\u00e9tence en vigueur.<\/p>\n\n\n\n<p><strong>COLLECTE DES DONN\u00c9ES<\/strong><\/p>\n\n\n\n<p>Le Site assure \u00e0 l&rsquo;Utilisateur une collecte et un traitement d&rsquo;informations personnelles dans le respect de la vie priv\u00e9e, conform\u00e9ment \u00e0 la loi Informatique et Libert\u00e9s n\u00b078-17 du 6 janvier 1978.<br>L&rsquo;Utilisateur b\u00e9n\u00e9ficie d&rsquo;un droit d&rsquo;acc\u00e8s, de modification et de suppression de ses donn\u00e9es personnelles, et peut exercer ce droit :<br>\u00b7 par e-mail \u00e0 l&rsquo;adresse contact@lilasoi.fr ;<br>\u00b7 via le formulaire de contact ;<\/p>\n\n\n\n<p><strong>COOKIES<\/strong><\/p>\n\n\n\n<p>L\u2019Utilisateur est inform\u00e9 que lors de ses visites sur le Site, des cookies peuvent s\u2019installer automatiquement sur son logiciel de navigation. En naviguant sur le Site, il les accepte.<br>Un cookie est un \u00e9l\u00e9ment qui ne permet pas d\u2019identifier l\u2019Utilisateur mais sert \u00e0 enregistrer des informations relatives \u00e0 sa navigation sur le Site Internet. L&rsquo;Utilisateur peut \u00e0 tout moment d\u00e9sactiver l&rsquo;utilisation de ces cookies en s\u00e9lectionnant les param\u00e8tres appropri\u00e9s dans son navigateur.<\/p>\n\n\n\n<p><strong>PROPRI\u00c9T\u00c9 INTELLECTUELLE<\/strong><\/p>\n\n\n\n<p>L&rsquo;ensemble du Site rel\u00e8ve de la l\u00e9gislation fran\u00e7aise et internationale sur le droit d&rsquo;auteur et la propri\u00e9t\u00e9 intellectuelle. Tous les droits de reproduction sont r\u00e9serv\u00e9s, y compris les repr\u00e9sentations iconographiques et photographiques.<br>Toute utilisation, reproduction, adaptation, diffusion, commercialisation, modification de toute ou partie du Site est formellement interdite, sauf autorisation expresse du Directeur de la publication, et pourra entra\u00eener des actions et poursuites judiciaires telles que notamment pr\u00e9vues par le Code de la Propri\u00e9t\u00e9 Intellectuelle et le Code Civil.<br><br><br>Pour plus d\u2019informations, se reporter aux <a href=\"https:\/\/www.destock-informatique.com\/page\/3-conditions-generales-de-vente\">Conditions G\u00e9n\u00e9rales de Vente<\/a> ainsi qu&rsquo;\u00e0 la <a href=\"https:\/\/www.destock-informatique.com\/page\/11-politique-de-confidentialite\">Politique de Confidentialit\u00e9<\/a> du Site.<\/p>\n\n\n\n<p><br><em>Lilasoi vous souhaite une excellente navigation !<\/em><\/p>\n","protected":false},"excerpt":{"rendered":"<p>Mentions l\u00e9gales Conform\u00e9ment aux dispositions des articles 6-III et 19 de la Loi n\u00b02004-575 du 21 juin 2004 pour la Confiance dans l&rsquo;\u00c9conomie Num\u00e9rique, dite L.C.E.N., il est port\u00e9 \u00e0 la connaissance des Utilisateurs et visiteurs du site&nbsp;lilasoi.fr les pr\u00e9sentes mentions l\u00e9gales. Sont consid\u00e9r\u00e9s comme Utilisateurs tous les internautes qui naviguent, lisent, visionnent et utilisent &hellip;<\/p>\n<p class=\"read-more\"> <a class=\"\" href=\"https:\/\/lilasoi.fr\/index.php\/mention-legale\/\"> <span class=\"screen-reader-text\">Mention L\u00e9gale<\/span> Lire la suite\u00a0\u00bb<\/a><\/p>\n","protected":false},"author":1,"featured_media":0,"parent":0,"menu_order":0,"comment_status":"closed","ping_status":"closed","template":"","meta":{"_monsterinsights_skip_tracking":false,"_monsterinsights_sitenote_active":false,"_monsterinsights_sitenote_note":"","_monsterinsights_sitenote_category":0,"site-sidebar-layout":"default","site-content-layout":"default","ast-global-header-display":"","ast-main-header-display":"","ast-hfb-above-header-display":"","ast-hfb-below-header-display":"","ast-hfb-mobile-header-display":"","site-post-title":"","ast-breadcrumbs-content":"","ast-featured-img":"","footer-sml-layout":"","theme-transparent-header-meta":"","adv-header-id-meta":"","stick-header-meta":"","header-above-stick-meta":"","header-main-stick-meta":"","header-below-stick-meta":"","footnotes":""},"yoast_head":"<!-- This site is optimized with the Yoast SEO plugin v24.5 - https:\/\/yoast.com\/wordpress\/plugins\/seo\/ -->\n<title>Mention L\u00e9gale - lilasoi<\/title>\n<meta name=\"robots\" content=\"index, follow, max-snippet:-1, max-image-preview:large, max-video-preview:-1\" \/>\n<link rel=\"canonical\" href=\"https:\/\/lilasoi.fr\/index.php\/mention-legale\/\" \/>\n<meta property=\"og:locale\" content=\"fr_FR\" \/>\n<meta property=\"og:type\" content=\"article\" \/>\n<meta property=\"og:title\" content=\"Mention L\u00e9gale - lilasoi\" \/>\n<meta property=\"og:description\" content=\"Mentions l\u00e9gales Conform\u00e9ment aux dispositions des articles 6-III et 19 de la Loi n\u00b02004-575 du 21 juin 2004 pour la Confiance dans l&rsquo;\u00c9conomie Num\u00e9rique, dite L.C.E.N., il est port\u00e9 \u00e0 la connaissance des Utilisateurs et visiteurs du site&nbsp;lilasoi.fr les pr\u00e9sentes mentions l\u00e9gales. Sont consid\u00e9r\u00e9s comme Utilisateurs tous les internautes qui naviguent, lisent, visionnent et utilisent &hellip; Mention L\u00e9gale Lire la suite\u00a0\u00bb\" \/>\n<meta property=\"og:url\" content=\"https:\/\/lilasoi.fr\/index.php\/mention-legale\/\" \/>\n<meta property=\"og:site_name\" content=\"lilasoi\" \/>\n<meta property=\"article:publisher\" content=\"https:\/\/www.facebook.com\/Air-de-1989826371304111\" \/>\n<meta property=\"article:modified_time\" content=\"2022-09-20T16:08:48+00:00\" \/>\n<meta name=\"twitter:card\" content=\"summary_large_image\" \/>\n<meta name=\"twitter:label1\" content=\"Dur\u00e9e de lecture estim\u00e9e\" \/>\n\t<meta name=\"twitter:data1\" content=\"3 minutes\" \/>\n<script type=\"application\/ld+json\" class=\"yoast-schema-graph\">{\"@context\":\"https:\/\/schema.org\",\"@graph\":[{\"@type\":\"WebPage\",\"@id\":\"https:\/\/lilasoi.fr\/index.php\/mention-legale\/\",\"url\":\"https:\/\/lilasoi.fr\/index.php\/mention-legale\/\",\"name\":\"Mention L\u00e9gale - lilasoi\",\"isPartOf\":{\"@id\":\"https:\/\/lilasoi.fr\/#website\"},\"datePublished\":\"2022-09-20T16:05:42+00:00\",\"dateModified\":\"2022-09-20T16:08:48+00:00\",\"breadcrumb\":{\"@id\":\"https:\/\/lilasoi.fr\/index.php\/mention-legale\/#breadcrumb\"},\"inLanguage\":\"fr-FR\",\"potentialAction\":[{\"@type\":\"ReadAction\",\"target\":[\"https:\/\/lilasoi.fr\/index.php\/mention-legale\/\"]}]},{\"@type\":\"BreadcrumbList\",\"@id\":\"https:\/\/lilasoi.fr\/index.php\/mention-legale\/#breadcrumb\",\"itemListElement\":[{\"@type\":\"ListItem\",\"position\":1,\"name\":\"Accueil\",\"item\":\"https:\/\/lilasoi.fr\/\"},{\"@type\":\"ListItem\",\"position\":2,\"name\":\"Mention L\u00e9gale\"}]},{\"@type\":\"WebSite\",\"@id\":\"https:\/\/lilasoi.fr\/#website\",\"url\":\"https:\/\/lilasoi.fr\/\",\"name\":\"lilasoi\",\"description\":\"\",\"publisher\":{\"@id\":\"https:\/\/lilasoi.fr\/#organization\"},\"potentialAction\":[{\"@type\":\"SearchAction\",\"target\":{\"@type\":\"EntryPoint\",\"urlTemplate\":\"https:\/\/lilasoi.fr\/?s={search_term_string}\"},\"query-input\":{\"@type\":\"PropertyValueSpecification\",\"valueRequired\":true,\"valueName\":\"search_term_string\"}}],\"inLanguage\":\"fr-FR\"},{\"@type\":\"Organization\",\"@id\":\"https:\/\/lilasoi.fr\/#organization\",\"name\":\"lilasoi\",\"url\":\"https:\/\/lilasoi.fr\/\",\"logo\":{\"@type\":\"ImageObject\",\"inLanguage\":\"fr-FR\",\"@id\":\"https:\/\/lilasoi.fr\/#\/schema\/logo\/image\/\",\"url\":\"https:\/\/lilasoi.fr\/wp-content\/uploads\/2023\/03\/Logo25-fusion-10x10-1.png\",\"contentUrl\":\"https:\/\/lilasoi.fr\/wp-content\/uploads\/2023\/03\/Logo25-fusion-10x10-1.png\",\"width\":787,\"height\":787,\"caption\":\"lilasoi\"},\"image\":{\"@id\":\"https:\/\/lilasoi.fr\/#\/schema\/logo\/image\/\"},\"sameAs\":[\"https:\/\/www.facebook.com\/Air-de-1989826371304111\",\"https:\/\/www.facebook.com\/search\/top?q=lilasoi\"]}]}<\/script>\n<!-- \/ Yoast SEO plugin. -->","yoast_head_json":{"title":"Mention L\u00e9gale - lilasoi","robots":{"index":"index","follow":"follow","max-snippet":"max-snippet:-1","max-image-preview":"max-image-preview:large","max-video-preview":"max-video-preview:-1"},"canonical":"https:\/\/lilasoi.fr\/index.php\/mention-legale\/","og_locale":"fr_FR","og_type":"article","og_title":"Mention L\u00e9gale - lilasoi","og_description":"Mentions l\u00e9gales Conform\u00e9ment aux dispositions des articles 6-III et 19 de la Loi n\u00b02004-575 du 21 juin 2004 pour la Confiance dans l&rsquo;\u00c9conomie Num\u00e9rique, dite L.C.E.N., il est port\u00e9 \u00e0 la connaissance des Utilisateurs et visiteurs du site&nbsp;lilasoi.fr les pr\u00e9sentes mentions l\u00e9gales. Sont consid\u00e9r\u00e9s comme Utilisateurs tous les internautes qui naviguent, lisent, visionnent et utilisent &hellip; Mention L\u00e9gale Lire la suite\u00a0\u00bb","og_url":"https:\/\/lilasoi.fr\/index.php\/mention-legale\/","og_site_name":"lilasoi","article_publisher":"https:\/\/www.facebook.com\/Air-de-1989826371304111","article_modified_time":"2022-09-20T16:08:48+00:00","twitter_card":"summary_large_image","twitter_misc":{"Dur\u00e9e de lecture estim\u00e9e":"3 minutes"},"schema":{"@context":"https:\/\/schema.org","@graph":[{"@type":"WebPage","@id":"https:\/\/lilasoi.fr\/index.php\/mention-legale\/","url":"https:\/\/lilasoi.fr\/index.php\/mention-legale\/","name":"Mention L\u00e9gale - lilasoi","isPartOf":{"@id":"https:\/\/lilasoi.fr\/#website"},"datePublished":"2022-09-20T16:05:42+00:00","dateModified":"2022-09-20T16:08:48+00:00","breadcrumb":{"@id":"https:\/\/lilasoi.fr\/index.php\/mention-legale\/#breadcrumb"},"inLanguage":"fr-FR","potentialAction":[{"@type":"ReadAction","target":["https:\/\/lilasoi.fr\/index.php\/mention-legale\/"]}]},{"@type":"BreadcrumbList","@id":"https:\/\/lilasoi.fr\/index.php\/mention-legale\/#breadcrumb","itemListElement":[{"@type":"ListItem","position":1,"name":"Accueil","item":"https:\/\/lilasoi.fr\/"},{"@type":"ListItem","position":2,"name":"Mention L\u00e9gale"}]},{"@type":"WebSite","@id":"https:\/\/lilasoi.fr\/#website","url":"https:\/\/lilasoi.fr\/","name":"lilasoi","description":"","publisher":{"@id":"https:\/\/lilasoi.fr\/#organization"},"potentialAction":[{"@type":"SearchAction","target":{"@type":"EntryPoint","urlTemplate":"https:\/\/lilasoi.fr\/?s={search_term_string}"},"query-input":{"@type":"PropertyValueSpecification","valueRequired":true,"valueName":"search_term_string"}}],"inLanguage":"fr-FR"},{"@type":"Organization","@id":"https:\/\/lilasoi.fr\/#organization","name":"lilasoi","url":"https:\/\/lilasoi.fr\/","logo":{"@type":"ImageObject","inLanguage":"fr-FR","@id":"https:\/\/lilasoi.fr\/#\/schema\/logo\/image\/","url":"https:\/\/lilasoi.fr\/wp-content\/uploads\/2023\/03\/Logo25-fusion-10x10-1.png","contentUrl":"https:\/\/lilasoi.fr\/wp-content\/uploads\/2023\/03\/Logo25-fusion-10x10-1.png","width":787,"height":787,"caption":"lilasoi"},"image":{"@id":"https:\/\/lilasoi.fr\/#\/schema\/logo\/image\/"},"sameAs":["https:\/\/www.facebook.com\/Air-de-1989826371304111","https:\/\/www.facebook.com\/search\/top?q=lilasoi"]}]}},"_links":{"self":[{"href":"https:\/\/lilasoi.fr\/index.php\/wp-json\/wp\/v2\/pages\/1213"}],"collection":[{"href":"https:\/\/lilasoi.fr\/index.php\/wp-json\/wp\/v2\/pages"}],"about":[{"href":"https:\/\/lilasoi.fr\/index.php\/wp-json\/wp\/v2\/types\/page"}],"author":[{"embeddable":true,"href":"https:\/\/lilasoi.fr\/index.php\/wp-json\/wp\/v2\/users\/1"}],"replies":[{"embeddable":true,"href":"https:\/\/lilasoi.fr\/index.php\/wp-json\/wp\/v2\/comments?post=1213"}],"version-history":[{"count":2,"href":"https:\/\/lilasoi.fr\/index.php\/wp-json\/wp\/v2\/pages\/1213\/revisions"}],"predecessor-version":[{"id":1220,"href":"https:\/\/lilasoi.fr\/index.php\/wp-json\/wp\/v2\/pages\/1213\/revisions\/1220"}],"wp:attachment":[{"href":"https:\/\/lilasoi.fr\/index.php\/wp-json\/wp\/v2\/media?parent=1213"}],"curies":[{"name":"wp","href":"https:\/\/api.w.org\/{rel}","templated":true}]}}